{"id":428,"date":"2025-12-23T10:37:46","date_gmt":"2025-12-23T10:37:46","guid":{"rendered":"http:\/\/carflexservice.fr\/?page_id=428"},"modified":"2025-12-23T10:39:26","modified_gmt":"2025-12-23T10:39:26","slug":"mentions-legales","status":"publish","type":"page","link":"https:\/\/carflexservice.fr\/index.php\/reparatio-vitrage-automobile-mecanique-rapide-a-domicile\/mentions-legales\/","title":{"rendered":"Mentions l\u00e9gales"},"content":{"rendered":"\n[et_pb_section fb_built=\u00a0\u00bb1&Prime; admin_label=\u00a0\u00bbAbout\u00a0\u00bb _builder_version=\u00a0\u00bb4.19.0&Prime; _module_preset=\u00a0\u00bbdefault\u00a0\u00bb collapsed=\u00a0\u00bbon\u00a0\u00bb global_colors_info=\u00a0\u00bb{}\u00a0\u00bb theme_builder_area=\u00a0\u00bbpost_content\u00a0\u00bb][et_pb_row module_id=\u00a0\u00bbrdv\u00a0\u00bb _builder_version=\u00a0\u00bb4.27.5&Prime; _module_preset=\u00a0\u00bbdefault\u00a0\u00bb global_colors_info=\u00a0\u00bb{}\u00a0\u00bb theme_builder_area=\u00a0\u00bbpost_content\u00a0\u00bb][et_pb_column type=\u00a0\u00bb4_4&Prime; _builder_version=\u00a0\u00bb4.27.5&Prime; _module_preset=\u00a0\u00bbdefault\u00a0\u00bb custom_padding=\u00a0\u00bb||||true|false\u00a0\u00bb custom_padding_tablet=\u00a0\u00bb0%||0%||true|false\u00a0\u00bb custom_padding_phone=\u00a0\u00bb0%||0%||true|false\u00a0\u00bb custom_padding_last_edited=\u00a0\u00bbon|tablet\u00a0\u00bb global_colors_info=\u00a0\u00bb{}\u00a0\u00bb theme_builder_area=\u00a0\u00bbpost_content\u00a0\u00bb][et_pb_text _builder_version=\u00a0\u00bb4.27.5&Prime; _module_preset=\u00a0\u00bbe1efc628-733f-4ec6-8e80-a18060bc2568&Prime; header_2_font=\u00a0\u00bbAlbert Sans|800|||||||\u00a0\u00bb header_2_text_color=\u00a0\u00bb#333333&Prime; global_colors_info=\u00a0\u00bb{}\u00a0\u00bb theme_builder_area=\u00a0\u00bbpost_content\u00a0\u00bb]<h2>Mentions L\u00e9gales<\/h2>[\/et_pb_text][\/et_pb_column][\/et_pb_row][et_pb_row module_id=\u00a0\u00bbservices\u00a0\u00bb _builder_version=\u00a0\u00bb4.27.5&Prime; _module_preset=\u00a0\u00bbdefault\u00a0\u00bb module_alignment_tablet=\u00a0\u00bbcenter\u00a0\u00bb module_alignment_phone=\u00a0\u00bbcenter\u00a0\u00bb module_alignment_last_edited=\u00a0\u00bboff|desktop\u00a0\u00bb global_colors_info=\u00a0\u00bb{}\u00a0\u00bb theme_builder_area=\u00a0\u00bbpost_content\u00a0\u00bb][et_pb_column type=\u00a0\u00bb4_4&Prime; _builder_version=\u00a0\u00bb4.19.0&Prime; _module_preset=\u00a0\u00bbdefault\u00a0\u00bb global_colors_info=\u00a0\u00bb{}\u00a0\u00bb theme_builder_area=\u00a0\u00bbpost_content\u00a0\u00bb][et_pb_text _builder_version=\u00a0\u00bb4.27.5&Prime; _module_preset=\u00a0\u00bb74cf6a5c-6622-48c0-b5ac-5c1aafba5f25&Prime; text_text_color=\u00a0\u00bb#333333&Prime; header_3_font=\u00a0\u00bb|800|||||||\u00a0\u00bb hover_enabled=\u00a0\u00bb0&Prime; global_colors_info=\u00a0\u00bb{}\u00a0\u00bb theme_builder_area=\u00a0\u00bbpost_content\u00a0\u00bb sticky_enabled=\u00a0\u00bb0&Prime;]<h3>Cr\u00e9dits<\/h3>\n<p>Editeur : Carflex Service\nAdresse : 10 Avenue des Alb\u00e8res 66330 Cabestany \u2013 T\u00e9l. : +33(0)6 58 21 31 17\nDirecteur de la publication : Carflex Service\nH\u00e9bergement : SAS OVH 2 rue Kellermann BP 80157 59100 Roubaix\nPhotos : Service interne\nToutes les marques cit\u00e9es dans ce site appartiennent \u00e0 leurs propri\u00e9taires respectifs.<\/p>\n\n<h3>Responsabilit\u00e9<\/h3>\n<p>L\u2019utilisation du site carflexservice.fr implique l\u2019acceptation pleine et enti\u00e8re des conditions g\u00e9n\u00e9rales d\u2019utilisation ci-apr\u00e8s d\u00e9crites. Ces conditions d\u2019utilisation sont susceptibles d\u2019\u00eatre modifi\u00e9es ou compl\u00e9t\u00e9es \u00e0 tout moment, les utilisateurs du site sont donc invit\u00e9s \u00e0 les consulter de mani\u00e8re r\u00e9guli\u00e8re.\nCe site est normalement accessible \u00e0 tout moment aux utilisateurs. Une interruption pour raison de maintenance technique peut \u00eatre toutefois d\u00e9cid\u00e9e sans pr\u00e9avis par Carflex Service.\nLe site carflexservice.fr a pour objet de fournir une information concernant l\u2019ensemble des activit\u00e9s de l&rsquo;entreprise. La soci\u00e9t\u00e9 Carflex Service s\u2019efforce de fournir des informations aussi pr\u00e9cises que possible. Toutefois, elle ne pourra \u00eatre tenue responsable des omissions, des inexactitudes et des carences dans la mise \u00e0 jour, qu\u2019elles soient de son fait ou du fait des tiers partenaires qui lui fournissent ces informations.\nToutes les informations indiqu\u00e9es sur le site carflexservice.fr sont donn\u00e9es \u00e0 titre indicatif, et sont susceptibles d\u2019\u00e9voluer. Elles ne constituent ni une garantie ni un engagement de la part de Carflex Service de tout produit ou service. Carflex Service d\u00e9cline toute responsabilit\u00e9, expresse ou implicite, quant \u00e0 leur pertinence, leur exhaustivit\u00e9, leur exactitude ou leur ad\u00e9quation \u00e0 un but quelconque. Carflex Service se r\u00e9serve le droit de modifier les informations contenues dans ce site \u00e0 tout moment et sans pr\u00e9avis.\nLes pr\u00e9sentes conditions sont r\u00e9gies par les lois fran\u00e7aises et toute contestation ou litiges qui pourraient na\u00eetre de l\u2019interpr\u00e9tation ou de l\u2019ex\u00e9cution de celles-ci seront de la comp\u00e9tence exclusive des tribunaux. La langue de r\u00e9f\u00e9rence, pour le r\u00e8glement de contentieux \u00e9ventuels, est le fran\u00e7ais.<\/p>\n\n<h3>Donn\u00e9es personnelles et cookies<\/h3>\n<p>Nos serveurs ne sont pas configur\u00e9s pour collecter des informations personnelles sur les visiteurs du site en dehors des donn\u00e9es techniques suivantes : provenance des connexions (fournisseur d\u2019acc\u00e8s), adresse IP, type et version du navigateur utilis\u00e9. En aucun cas, nous ne collectons l\u2019adresse e-mail des visiteurs sans que ces derniers ne nous la communiquent d\u00e9lib\u00e9r\u00e9ment. Les donn\u00e9es de trafic et les fichiers de cookies que nous implantons sur votre ordinateur ont uniquement pour finalit\u00e9 de nous permettre d\u2019analyser la fr\u00e9quentation de nos pages d\u2019information afin d\u2019en am\u00e9liorer le contenu. Les donn\u00e9es relatives \u00e0 la navigation des visiteurs ne sont pas exploit\u00e9es nominativement. Il s\u2019agit de statistiques agr\u00e9g\u00e9es permettant de conna\u00eetre les pages les plus et les moins populaires, les chemins pr\u00e9f\u00e9r\u00e9s, les niveaux d\u2019activit\u00e9 par jour de la semaine et par heure de la journ\u00e9e, les principales erreurs clients ou serveur. Nous vous rappelons que vous disposez, dans votre logiciel de navigation, de la possibilit\u00e9 de bloquer l\u2019implantation de cookies sur votre ordinateur.<\/p>[\/et_pb_text][\/et_pb_column][\/et_pb_row][\/et_pb_section]\n","protected":false},"excerpt":{"rendered":"<p>Mentions L\u00e9galesCr\u00e9dits Editeur : Carflex Service Adresse : 10 Avenue des Alb\u00e8res 66330 Cabestany \u2013 T\u00e9l. : +33(0)6 58 21 31 17 Directeur de la publication : Carflex Service H\u00e9bergement : SAS OVH 2 rue Kellermann BP 80157 59100 Roubaix Photos : Service interne Toutes les marques cit\u00e9es dans ce site appartiennent \u00e0 leurs propri\u00e9taires [&hellip;]<\/p>\n","protected":false},"author":1,"featured_media":0,"parent":52,"menu_order":0,"comment_status":"closed","ping_status":"closed","template":"","meta":{"_et_pb_use_builder":"on","_et_pb_old_content":"","_et_gb_content_width":"","footnotes":""},"class_list":["post-428","page","type-page","status-publish","hentry"],"yoast_head":"<!-- This site is optimized with the Yoast SEO plugin v26.6 - https:\/\/yoast.com\/wordpress\/plugins\/seo\/ -->\n<title>Mentions l\u00e9gales - Carflex Service<\/title>\n<meta name=\"robots\" content=\"index, follow, max-snippet:-1, max-image-preview:large, max-video-preview:-1\" \/>\n<link rel=\"canonical\" href=\"https:\/\/carflexservice.fr\/index.php\/reparatio-vitrage-automobile-mecanique-rapide-a-domicile\/mentions-legales\/\" \/>\n<meta property=\"og:locale\" content=\"fr_FR\" \/>\n<meta property=\"og:type\" content=\"article\" \/>\n<meta property=\"og:title\" content=\"Mentions l\u00e9gales - Carflex Service\" \/>\n<meta property=\"og:description\" content=\"Mentions L\u00e9galesCr\u00e9dits Editeur : Carflex Service Adresse : 10 Avenue des Alb\u00e8res 66330 Cabestany \u2013 T\u00e9l. : +33(0)6 58 21 31 17 Directeur de la publication : Carflex Service H\u00e9bergement : SAS OVH 2 rue Kellermann BP 80157 59100 Roubaix Photos : Service interne Toutes les marques cit\u00e9es dans ce site appartiennent \u00e0 leurs propri\u00e9taires [&hellip;]\" \/>\n<meta property=\"og:url\" content=\"https:\/\/carflexservice.fr\/index.php\/reparatio-vitrage-automobile-mecanique-rapide-a-domicile\/mentions-legales\/\" \/>\n<meta property=\"og:site_name\" content=\"Carflex Service\" \/>\n<meta property=\"article:modified_time\" content=\"2025-12-23T10:39:26+00:00\" \/>\n<meta name=\"twitter:card\" content=\"summary_large_image\" \/>\n<meta name=\"twitter:label1\" content=\"Dur\u00e9e de lecture estim\u00e9e\" \/>\n\t<meta name=\"twitter:data1\" content=\"3 minutes\" \/>\n<script type=\"application\/ld+json\" class=\"yoast-schema-graph\">{\"@context\":\"https:\/\/schema.org\",\"@graph\":[{\"@type\":\"WebPage\",\"@id\":\"https:\/\/carflexservice.fr\/index.php\/reparatio-vitrage-automobile-mecanique-rapide-a-domicile\/mentions-legales\/\",\"url\":\"https:\/\/carflexservice.fr\/index.php\/reparatio-vitrage-automobile-mecanique-rapide-a-domicile\/mentions-legales\/\",\"name\":\"Mentions l\u00e9gales - Carflex Service\",\"isPartOf\":{\"@id\":\"https:\/\/carflexservice.fr\/#website\"},\"datePublished\":\"2025-12-23T10:37:46+00:00\",\"dateModified\":\"2025-12-23T10:39:26+00:00\",\"breadcrumb\":{\"@id\":\"https:\/\/carflexservice.fr\/index.php\/reparatio-vitrage-automobile-mecanique-rapide-a-domicile\/mentions-legales\/#breadcrumb\"},\"inLanguage\":\"fr-FR\",\"potentialAction\":[{\"@type\":\"ReadAction\",\"target\":[\"https:\/\/carflexservice.fr\/index.php\/reparatio-vitrage-automobile-mecanique-rapide-a-domicile\/mentions-legales\/\"]}]},{\"@type\":\"BreadcrumbList\",\"@id\":\"https:\/\/carflexservice.fr\/index.php\/reparatio-vitrage-automobile-mecanique-rapide-a-domicile\/mentions-legales\/#breadcrumb\",\"itemListElement\":[{\"@type\":\"ListItem\",\"position\":1,\"name\":\"Accueil\",\"item\":\"https:\/\/carflexservice.fr\/\"},{\"@type\":\"ListItem\",\"position\":2,\"name\":\"Carflex Service \u2013 Vitrage automobile &amp; m\u00e9canique rapide \u00e0 domicile\",\"item\":\"https:\/\/carflexservice.fr\/\"},{\"@type\":\"ListItem\",\"position\":3,\"name\":\"Mentions l\u00e9gales\"}]},{\"@type\":\"WebSite\",\"@id\":\"https:\/\/carflexservice.fr\/#website\",\"url\":\"https:\/\/carflexservice.fr\/\",\"name\":\"Carflex Service\",\"description\":\"Vitrage automobile &amp; m\u00e9canique \u00e0 domicile \u2013 Pyr\u00e9n\u00e9es-Orientales (66)\",\"publisher\":{\"@id\":\"https:\/\/carflexservice.fr\/#organization\"},\"potentialAction\":[{\"@type\":\"SearchAction\",\"target\":{\"@type\":\"EntryPoint\",\"urlTemplate\":\"https:\/\/carflexservice.fr\/?s={search_term_string}\"},\"query-input\":{\"@type\":\"PropertyValueSpecification\",\"valueRequired\":true,\"valueName\":\"search_term_string\"}}],\"inLanguage\":\"fr-FR\"},{\"@type\":\"Organization\",\"@id\":\"https:\/\/carflexservice.fr\/#organization\",\"name\":\"Carflex Service\",\"url\":\"https:\/\/carflexservice.fr\/\",\"logo\":{\"@type\":\"ImageObject\",\"inLanguage\":\"fr-FR\",\"@id\":\"https:\/\/carflexservice.fr\/#\/schema\/logo\/image\/\",\"url\":\"https:\/\/carflexservice.fr\/wp-content\/uploads\/2025\/11\/CARFLEXSERVICE-logo-500.png\",\"contentUrl\":\"https:\/\/carflexservice.fr\/wp-content\/uploads\/2025\/11\/CARFLEXSERVICE-logo-500.png\",\"width\":1366,\"height\":500,\"caption\":\"Carflex Service\"},\"image\":{\"@id\":\"https:\/\/carflexservice.fr\/#\/schema\/logo\/image\/\"}}]}<\/script>\n<!-- \/ Yoast SEO plugin. -->","yoast_head_json":{"title":"Mentions l\u00e9gales - Carflex Service","robots":{"index":"index","follow":"follow","max-snippet":"max-snippet:-1","max-image-preview":"max-image-preview:large","max-video-preview":"max-video-preview:-1"},"canonical":"https:\/\/carflexservice.fr\/index.php\/reparatio-vitrage-automobile-mecanique-rapide-a-domicile\/mentions-legales\/","og_locale":"fr_FR","og_type":"article","og_title":"Mentions l\u00e9gales - Carflex Service","og_description":"Mentions L\u00e9galesCr\u00e9dits Editeur : Carflex Service Adresse : 10 Avenue des Alb\u00e8res 66330 Cabestany \u2013 T\u00e9l. : +33(0)6 58 21 31 17 Directeur de la publication : Carflex Service H\u00e9bergement : SAS OVH 2 rue Kellermann BP 80157 59100 Roubaix Photos : Service interne Toutes les marques cit\u00e9es dans ce site appartiennent \u00e0 leurs propri\u00e9taires [&hellip;]","og_url":"https:\/\/carflexservice.fr\/index.php\/reparatio-vitrage-automobile-mecanique-rapide-a-domicile\/mentions-legales\/","og_site_name":"Carflex Service","article_modified_time":"2025-12-23T10:39:26+00:00","twitter_card":"summary_large_image","twitter_misc":{"Dur\u00e9e de lecture estim\u00e9e":"3 minutes"},"schema":{"@context":"https:\/\/schema.org","@graph":[{"@type":"WebPage","@id":"https:\/\/carflexservice.fr\/index.php\/reparatio-vitrage-automobile-mecanique-rapide-a-domicile\/mentions-legales\/","url":"https:\/\/carflexservice.fr\/index.php\/reparatio-vitrage-automobile-mecanique-rapide-a-domicile\/mentions-legales\/","name":"Mentions l\u00e9gales - Carflex Service","isPartOf":{"@id":"https:\/\/carflexservice.fr\/#website"},"datePublished":"2025-12-23T10:37:46+00:00","dateModified":"2025-12-23T10:39:26+00:00","breadcrumb":{"@id":"https:\/\/carflexservice.fr\/index.php\/reparatio-vitrage-automobile-mecanique-rapide-a-domicile\/mentions-legales\/#breadcrumb"},"inLanguage":"fr-FR","potentialAction":[{"@type":"ReadAction","target":["https:\/\/carflexservice.fr\/index.php\/reparatio-vitrage-automobile-mecanique-rapide-a-domicile\/mentions-legales\/"]}]},{"@type":"BreadcrumbList","@id":"https:\/\/carflexservice.fr\/index.php\/reparatio-vitrage-automobile-mecanique-rapide-a-domicile\/mentions-legales\/#breadcrumb","itemListElement":[{"@type":"ListItem","position":1,"name":"Accueil","item":"https:\/\/carflexservice.fr\/"},{"@type":"ListItem","position":2,"name":"Carflex Service \u2013 Vitrage automobile &amp; m\u00e9canique rapide \u00e0 domicile","item":"https:\/\/carflexservice.fr\/"},{"@type":"ListItem","position":3,"name":"Mentions l\u00e9gales"}]},{"@type":"WebSite","@id":"https:\/\/carflexservice.fr\/#website","url":"https:\/\/carflexservice.fr\/","name":"Carflex Service","description":"Vitrage automobile &amp; m\u00e9canique \u00e0 domicile \u2013 Pyr\u00e9n\u00e9es-Orientales (66)","publisher":{"@id":"https:\/\/carflexservice.fr\/#organization"},"potentialAction":[{"@type":"SearchAction","target":{"@type":"EntryPoint","urlTemplate":"https:\/\/carflexservice.fr\/?s={search_term_string}"},"query-input":{"@type":"PropertyValueSpecification","valueRequired":true,"valueName":"search_term_string"}}],"inLanguage":"fr-FR"},{"@type":"Organization","@id":"https:\/\/carflexservice.fr\/#organization","name":"Carflex Service","url":"https:\/\/carflexservice.fr\/","logo":{"@type":"ImageObject","inLanguage":"fr-FR","@id":"https:\/\/carflexservice.fr\/#\/schema\/logo\/image\/","url":"https:\/\/carflexservice.fr\/wp-content\/uploads\/2025\/11\/CARFLEXSERVICE-logo-500.png","contentUrl":"https:\/\/carflexservice.fr\/wp-content\/uploads\/2025\/11\/CARFLEXSERVICE-logo-500.png","width":1366,"height":500,"caption":"Carflex Service"},"image":{"@id":"https:\/\/carflexservice.fr\/#\/schema\/logo\/image\/"}}]}},"_links":{"self":[{"href":"https:\/\/carflexservice.fr\/index.php\/wp-json\/wp\/v2\/pages\/428","targetHints":{"allow":["GET"]}}],"collection":[{"href":"https:\/\/carflexservice.fr\/index.php\/wp-json\/wp\/v2\/pages"}],"about":[{"href":"https:\/\/carflexservice.fr\/index.php\/wp-json\/wp\/v2\/types\/page"}],"author":[{"embeddable":true,"href":"https:\/\/carflexservice.fr\/index.php\/wp-json\/wp\/v2\/users\/1"}],"replies":[{"embeddable":true,"href":"https:\/\/carflexservice.fr\/index.php\/wp-json\/wp\/v2\/comments?post=428"}],"version-history":[{"count":3,"href":"https:\/\/carflexservice.fr\/index.php\/wp-json\/wp\/v2\/pages\/428\/revisions"}],"predecessor-version":[{"id":432,"href":"https:\/\/carflexservice.fr\/index.php\/wp-json\/wp\/v2\/pages\/428\/revisions\/432"}],"up":[{"embeddable":true,"href":"https:\/\/carflexservice.fr\/index.php\/wp-json\/wp\/v2\/pages\/52"}],"wp:attachment":[{"href":"https:\/\/carflexservice.fr\/index.php\/wp-json\/wp\/v2\/media?parent=428"}],"curies":[{"name":"wp","href":"https:\/\/api.w.org\/{rel}","templated":true}]}}